{"id":32921,"date":"2026-05-15T12:50:26","date_gmt":"2026-05-15T10:50:26","guid":{"rendered":"https:\/\/mindout.pl\/?post_type=product&#038;p=32921"},"modified":"2026-05-15T18:22:58","modified_gmt":"2026-05-15T16:22:58","slug":"distressed-mad-jorts-indygo","status":"publish","type":"product","link":"https:\/\/mindout.pl\/en\/sklep\/denim\/distressed-mad-jorts-indygo\/","title":{"rendered":"DISTRESSED MAD JORTS (INDYGO)"},"content":{"rendered":"<p>MAD DENIM JORTSY W KOLORYSTYCE INDYGO.<\/p>\n<p>KR\u00d3J BAGGY.<\/p>\n<p>R\u0118CZNIE WYKONANE PRZETARCIA.<\/p>\n<p>14 oz 100% BAWE\u0141NA.<\/p>\n<p>METALOWE OZDOBNE NITY ORAZ GUZIK.<\/p>\n<p>SREBRNY ZAMEK YKK.<\/p>\n<p>5 KIESZENI (2 TYLNIE, 2 PRZEDNIE ORAZ KIESZONKA NA ZEGAREK).<\/p>\n<p>HAFT NA TYLNICH KIESZENIACH.<\/p>","protected":false},"excerpt":{"rendered":"<p>MAD DENIM JORTSY W KOLORYSTYCE INDYGO. KR\u00d3J BAGGY. R\u0118CZNIE WYKONANE PRZETARCIA. 14 oz 100% BAWE\u0141NA. METALOWE OZDOBNE NITY ORAZ GUZIK. SREBRNY ZAMEK YKK. 5 KIESZENI (2 TYLNIE, 2 PRZEDNIE ORAZ KIESZONKA NA ZEGAREK). HAFT NA TYLNICH KIESZENIACH.<\/p>","protected":false},"featured_media":32894,"template":"","meta":[],"product_brand":[],"product_cat":[87],"product_tag":[],"class_list":{"0":"post-32921","1":"product","2":"type-product","3":"status-publish","4":"has-post-thumbnail","6":"product_cat-denim","8":"first","9":"instock","10":"taxable","11":"shipping-taxable","12":"purchasable","13":"product-type-variable"},"_links":{"self":[{"href":"https:\/\/mindout.pl\/en\/wp-json\/wp\/v2\/product\/32921","targetHints":{"allow":["GET"]}}],"collection":[{"href":"https:\/\/mindout.pl\/en\/wp-json\/wp\/v2\/product"}],"about":[{"href":"https:\/\/mindout.pl\/en\/wp-json\/wp\/v2\/types\/product"}],"wp:featuredmedia":[{"embeddable":true,"href":"https:\/\/mindout.pl\/en\/wp-json\/wp\/v2\/media\/32894"}],"wp:attachment":[{"href":"https:\/\/mindout.pl\/en\/wp-json\/wp\/v2\/media?parent=32921"}],"wp:term":[{"taxonomy":"product_brand","embeddable":true,"href":"https:\/\/mindout.pl\/en\/wp-json\/wp\/v2\/product_brand?post=32921"},{"taxonomy":"product_cat","embeddable":true,"href":"https:\/\/mindout.pl\/en\/wp-json\/wp\/v2\/product_cat?post=32921"},{"taxonomy":"product_tag","embeddable":true,"href":"https:\/\/mindout.pl\/en\/wp-json\/wp\/v2\/product_tag?post=32921"}],"curies":[{"name":"wp","href":"https:\/\/api.w.org\/{rel}","templated":true}]}}