{"id":32428,"date":"2026-04-12T13:27:08","date_gmt":"2026-04-12T11:27:08","guid":{"rendered":"https:\/\/mindout.pl\/?post_type=product&#038;p=32428"},"modified":"2026-04-12T16:00:08","modified_gmt":"2026-04-12T14:00:08","slug":"patch-hoodie-grey","status":"publish","type":"product","link":"https:\/\/mindout.pl\/en\/sklep\/hoodie\/patch-hoodie-grey\/","title":{"rendered":"PATCH HOODIE (GREY)"},"content":{"rendered":"<div class=\"message__5126c cozyMessage__5126c wrapper_c19a55 cozy_c19a55 zalgo_c19a55\" tabindex=\"-1\" role=\"article\" data-list-item-id=\"chat-messages___chat-messages-1247914922696900650-1355907030153560134\" aria-setsize=\"-1\" aria-roledescription=\"Wiadomo\u015b\u0107\" aria-labelledby=\"message-username-1355905892620701957 uid_1 message-content-1355907030153560134 uid_2 message-timestamp-1355907030153560134\">\n<div class=\"contents_c19a55\">\n<div id=\"message-content-1355907030153560134\" class=\"markup__75297 messageContent_c19a55\">SZARA BLUZA Z KAPTUREM.<br \/>\nBOXY KR\u00d3J.<br \/>\nRAGLANOWE WSZYCIE R\u0118KAWA.<br \/>\nTONALNY PATCH WYKONANY METOD\u0104 HAFTU, HAFTU CHENILLOWEGO I D\u017bET\u00d3W.<br \/>\n100% COTTON 420G\/M2<br \/>\nOEKO-TEX CERTIFIED MATERIAL<br \/>\nPRODUCED IN POLAND<\/div>\n<div><\/div>\n<\/div>\n<\/div>","protected":false},"excerpt":{"rendered":"<p>SZARA BLUZA Z KAPTUREM. BOXY KR\u00d3J. RAGLANOWE WSZYCIE R\u0118KAWA. TONALNY PATCH WYKONANY METOD\u0104 HAFTU, HAFTU CHENILLOWEGO I D\u017bET\u00d3W. 100% BAWE\u0141NA 420G\/M2. MATERIA\u0141 Z CERTYFIKATEM OEKO-TEX. WYPRODUKOWANE W POLSCE.<\/p>","protected":false},"featured_media":32417,"template":"","meta":[],"product_brand":[],"product_cat":[73],"product_tag":[],"class_list":{"0":"post-32428","1":"product","2":"type-product","3":"status-publish","4":"has-post-thumbnail","6":"product_cat-hoodie","8":"first","9":"instock","10":"taxable","11":"shipping-taxable","12":"purchasable","13":"product-type-variable"},"_links":{"self":[{"href":"https:\/\/mindout.pl\/en\/wp-json\/wp\/v2\/product\/32428","targetHints":{"allow":["GET"]}}],"collection":[{"href":"https:\/\/mindout.pl\/en\/wp-json\/wp\/v2\/product"}],"about":[{"href":"https:\/\/mindout.pl\/en\/wp-json\/wp\/v2\/types\/product"}],"wp:featuredmedia":[{"embeddable":true,"href":"https:\/\/mindout.pl\/en\/wp-json\/wp\/v2\/media\/32417"}],"wp:attachment":[{"href":"https:\/\/mindout.pl\/en\/wp-json\/wp\/v2\/media?parent=32428"}],"wp:term":[{"taxonomy":"product_brand","embeddable":true,"href":"https:\/\/mindout.pl\/en\/wp-json\/wp\/v2\/product_brand?post=32428"},{"taxonomy":"product_cat","embeddable":true,"href":"https:\/\/mindout.pl\/en\/wp-json\/wp\/v2\/product_cat?post=32428"},{"taxonomy":"product_tag","embeddable":true,"href":"https:\/\/mindout.pl\/en\/wp-json\/wp\/v2\/product_tag?post=32428"}],"curies":[{"name":"wp","href":"https:\/\/api.w.org\/{rel}","templated":true}]}}