{"id":31788,"date":"2026-03-28T23:08:29","date_gmt":"2026-03-28T22:08:29","guid":{"rendered":"https:\/\/mindout.pl\/?post_type=product&#038;p=31788"},"modified":"2026-04-22T13:30:57","modified_gmt":"2026-04-22T11:30:57","slug":"arch-stripe-longsleeve-red-navy-kopia","status":"publish","type":"product","link":"https:\/\/mindout.pl\/en\/sklep\/longsleeve\/arch-stripe-longsleeve-red-navy-kopia\/","title":{"rendered":"ARCH STRIPE LONGSLEEVE (RED-NAVY)"},"content":{"rendered":"<p>LONGSLEEVE W CZERWONO-GRANATOWE PASKI.<\/p>\n<p>ZDOBIONE SREBRNYMI D\u017bETAMI.<\/p>\n<p>BOXY FIT<\/p>\n<p>100% BAWE\u0141NA 220G\/M2.<\/p>\n<p>OEKO-TEX CERTIFIED MATERIAL<\/p>\n<p>PRODUCED IN POLAND<\/p>\n<p>PRA\u0106 ZGODNIE Z INSTRUKCJ\u0104 NA METCE, INACZEJ D\u017bETY MOG\u0104 ODPADA\u0106.<\/p>","protected":false},"excerpt":{"rendered":"<p>LONGSLEEVE W CZERWONO-GRANATOWE PASKI. ZDOBIONE SREBRNYMI D\u017bETAMI. KR\u00d3J BOXY. 100% BAWE\u0141NA 220G\/M2. MATERIA\u0141 Z CERTYFIKATEM OEKO-TEX. WYPRODUKOWANE W POLSCE. PRA\u0106 ZGODNIE Z INSTRUKCJ\u0104 NA METCE, INACZEJ D\u017bETY MOG\u0104 ODPADA\u0106.<\/p>","protected":false},"featured_media":31738,"template":"","meta":[],"product_brand":[],"product_cat":[93],"product_tag":[],"class_list":{"0":"post-31788","1":"product","2":"type-product","3":"status-publish","4":"has-post-thumbnail","6":"product_cat-longsleeve","8":"first","9":"instock","10":"taxable","11":"shipping-taxable","12":"purchasable","13":"product-type-variable"},"_links":{"self":[{"href":"https:\/\/mindout.pl\/en\/wp-json\/wp\/v2\/product\/31788","targetHints":{"allow":["GET"]}}],"collection":[{"href":"https:\/\/mindout.pl\/en\/wp-json\/wp\/v2\/product"}],"about":[{"href":"https:\/\/mindout.pl\/en\/wp-json\/wp\/v2\/types\/product"}],"wp:featuredmedia":[{"embeddable":true,"href":"https:\/\/mindout.pl\/en\/wp-json\/wp\/v2\/media\/31738"}],"wp:attachment":[{"href":"https:\/\/mindout.pl\/en\/wp-json\/wp\/v2\/media?parent=31788"}],"wp:term":[{"taxonomy":"product_brand","embeddable":true,"href":"https:\/\/mindout.pl\/en\/wp-json\/wp\/v2\/product_brand?post=31788"},{"taxonomy":"product_cat","embeddable":true,"href":"https:\/\/mindout.pl\/en\/wp-json\/wp\/v2\/product_cat?post=31788"},{"taxonomy":"product_tag","embeddable":true,"href":"https:\/\/mindout.pl\/en\/wp-json\/wp\/v2\/product_tag?post=31788"}],"curies":[{"name":"wp","href":"https:\/\/api.w.org\/{rel}","templated":true}]}}