{"id":31767,"date":"2026-03-28T22:57:25","date_gmt":"2026-03-28T21:57:25","guid":{"rendered":"https:\/\/mindout.pl\/?post_type=product&#038;p=31767"},"modified":"2026-05-04T17:29:09","modified_gmt":"2026-05-04T15:29:09","slug":"emblem-longsleeve-white","status":"publish","type":"product","link":"https:\/\/mindout.pl\/en\/sklep\/longsleeve\/emblem-longsleeve-white\/","title":{"rendered":"EMBLEM LONGSLEEVE (WHITE)"},"content":{"rendered":"<p>BIA\u0141Y LONGSLEEVE.<\/p>\n<p>RAGLANOWE WSZYCIE R\u0118KAWA.<\/p>\n<p>ZDOBIONE SREBRNYMI D\u017bETAMI.<\/p>\n<p>BOXY FIT<\/p>\n<p>100% BAWE\u0141NA 220G\/M2.<\/p>\n<p>OEKO-TEX CERTIFIED MATERIAL<\/p>\n<p>PRODUCED IN POLAND<\/p>\n<p>PRA\u0106 ZGODNIE Z INSTRUKCJ\u0104 NA METCE, INACZEJ D\u017bETY MOG\u0104 ODPADA\u0106.<\/p>","protected":false},"excerpt":{"rendered":"<p>BIA\u0141Y LONGSLEEVE. RAGLANOWE WSZYCIE R\u0118KAWA. ZDOBIONE SREBRNYMI D\u017bETAMI. KR\u00d3J BOXY. 100% BAWE\u0141NA 220G\/M2. MATERIA\u0141 Z CERTYFIKATEM OEKO-TEX. WYPRODUKOWANE W POLSCE. PRA\u0106 ZGODNIE Z INSTRUKCJ\u0104 NA METCE, INACZEJ D\u017bETY MOG\u0104 ODPADA\u0106.<\/p>","protected":false},"featured_media":31745,"template":"","meta":[],"product_brand":[],"product_cat":[93],"product_tag":[],"class_list":{"0":"post-31767","1":"product","2":"type-product","3":"status-publish","4":"has-post-thumbnail","6":"product_cat-longsleeve","8":"first","9":"instock","10":"taxable","11":"shipping-taxable","12":"purchasable","13":"product-type-variable"},"_links":{"self":[{"href":"https:\/\/mindout.pl\/en\/wp-json\/wp\/v2\/product\/31767","targetHints":{"allow":["GET"]}}],"collection":[{"href":"https:\/\/mindout.pl\/en\/wp-json\/wp\/v2\/product"}],"about":[{"href":"https:\/\/mindout.pl\/en\/wp-json\/wp\/v2\/types\/product"}],"wp:featuredmedia":[{"embeddable":true,"href":"https:\/\/mindout.pl\/en\/wp-json\/wp\/v2\/media\/31745"}],"wp:attachment":[{"href":"https:\/\/mindout.pl\/en\/wp-json\/wp\/v2\/media?parent=31767"}],"wp:term":[{"taxonomy":"product_brand","embeddable":true,"href":"https:\/\/mindout.pl\/en\/wp-json\/wp\/v2\/product_brand?post=31767"},{"taxonomy":"product_cat","embeddable":true,"href":"https:\/\/mindout.pl\/en\/wp-json\/wp\/v2\/product_cat?post=31767"},{"taxonomy":"product_tag","embeddable":true,"href":"https:\/\/mindout.pl\/en\/wp-json\/wp\/v2\/product_tag?post=31767"}],"curies":[{"name":"wp","href":"https:\/\/api.w.org\/{rel}","templated":true}]}}