{"id":31231,"date":"2026-03-15T13:32:10","date_gmt":"2026-03-15T12:32:10","guid":{"rendered":"https:\/\/mindout.pl\/?post_type=product&#038;p=31231"},"modified":"2026-04-21T12:58:43","modified_gmt":"2026-04-21T10:58:43","slug":"wide-leg-sweatpants-black-kopia","status":"publish","type":"product","link":"https:\/\/mindout.pl\/en\/sklep\/sweatpants\/wide-leg-sweatpants-black-kopia\/","title":{"rendered":"MAD SWEATPANTS (BLACK)"},"content":{"rendered":"<p>CZARNE DRESY Z SZEROK\u0104 OTWART\u0104 NOGAWK\u0104.<\/p>\n<p>KIESZENIE TYLNIE Z NADRUKIEM FARB\u0104 WODN\u0104 ORAZ KIESZENIE BOCZNE WLOTOWE.<\/p>\n<p>BAWE\u0141NIANY SZNUREK ZAKO\u0143CZONY P\u0118TELK\u0104.<\/p>\n<p>100% COTTON 360G\/M2<\/p>\n<p>OEKO-TEX CERTIFIED MATERIAL<\/p>\n<p>PRODUCED IN POLAND<\/p>","protected":false},"excerpt":{"rendered":"<p>CZARNE DRESY Z SZEROK\u0104 OTWART\u0104 NOGAWK\u0104. KIESZENIE TYLNIE Z NADRUKIEM FARB\u0104 WODN\u0104 ORAZ KIESZENIE BOCZNE WLOTOWE. BAWE\u0141NIANY SZNUREK ZAKO\u0143CZONY P\u0118TELK\u0104. 100% BAWE\u0141NA 360G\/M2. MATERIA\u0141 Z CERTYFIKATEM OEKO-TEX. WYPRODUKOWANE W POLSCE.<\/p>","protected":false},"featured_media":31243,"template":"","meta":[],"product_brand":[],"product_cat":[92],"product_tag":[],"class_list":{"0":"post-31231","1":"product","2":"type-product","3":"status-publish","4":"has-post-thumbnail","6":"product_cat-sweatpants","8":"first","9":"instock","10":"taxable","11":"shipping-taxable","12":"purchasable","13":"product-type-variable"},"_links":{"self":[{"href":"https:\/\/mindout.pl\/en\/wp-json\/wp\/v2\/product\/31231","targetHints":{"allow":["GET"]}}],"collection":[{"href":"https:\/\/mindout.pl\/en\/wp-json\/wp\/v2\/product"}],"about":[{"href":"https:\/\/mindout.pl\/en\/wp-json\/wp\/v2\/types\/product"}],"wp:featuredmedia":[{"embeddable":true,"href":"https:\/\/mindout.pl\/en\/wp-json\/wp\/v2\/media\/31243"}],"wp:attachment":[{"href":"https:\/\/mindout.pl\/en\/wp-json\/wp\/v2\/media?parent=31231"}],"wp:term":[{"taxonomy":"product_brand","embeddable":true,"href":"https:\/\/mindout.pl\/en\/wp-json\/wp\/v2\/product_brand?post=31231"},{"taxonomy":"product_cat","embeddable":true,"href":"https:\/\/mindout.pl\/en\/wp-json\/wp\/v2\/product_cat?post=31231"},{"taxonomy":"product_tag","embeddable":true,"href":"https:\/\/mindout.pl\/en\/wp-json\/wp\/v2\/product_tag?post=31231"}],"curies":[{"name":"wp","href":"https:\/\/api.w.org\/{rel}","templated":true}]}}