{"id":30875,"date":"2026-03-06T11:55:26","date_gmt":"2026-03-06T10:55:26","guid":{"rendered":"https:\/\/mindout.pl\/?post_type=product&#038;p=30875"},"modified":"2026-04-18T11:52:02","modified_gmt":"2026-04-18T09:52:02","slug":"studded-longsleeve-black","status":"publish","type":"product","link":"https:\/\/mindout.pl\/en\/sklep\/longsleeve\/studded-longsleeve-black\/","title":{"rendered":"STUDDED LONGSLEEVE (BLACK)"},"content":{"rendered":"<p>CZARNY LONGSLEEVE.<\/p>\n<p>RAGLANOWE WSZYCIE R\u0118KAWA.<span class=\"Apple-converted-space\">\u00a0<\/span><\/p>\n<p>ZDOBIONE SREBRNYMI D\u017bETAMI &amp; FARB\u0104 WODN\u0104.<\/p>\n<p>BOXY FIT<\/p>\n<p>100% BAWE\u0141NA 220G\/M2.<\/p>\n<p>OEKO-TEX CERTIFIED MATERIAL<\/p>\n<p>PRODUCED IN POLAND<\/p>\n<p>PRA\u0106 ZGODNIE Z INSTRUKCJ\u0104 NA METCE, INACZEJ D\u017bETY MOG\u0104 ODPADA\u0106.<\/p>","protected":false},"excerpt":{"rendered":"<p>CZARNY LONGSLEEVE. RAGLANOWE WSZYCIE R\u0118KAWA.\u00a0 ZDOBIONE SREBRNYMI D\u017bETAMI &amp; FARB\u0104 WODN\u0104. KR\u00d3J BOXY. 100% BAWE\u0141NA 220G\/M2. MATERIA\u0141 Z CERTYFIKATEM OEKO-TEX. WYPRODUKOWANE W POLSCE. PRA\u0106 ZGODNIE Z INSTRUKCJ\u0104 NA METCE, INACZEJ D\u017bETY MOG\u0104 ODPADA\u0106.<\/p>","protected":false},"featured_media":30831,"template":"","meta":[],"product_brand":[],"product_cat":[93],"product_tag":[],"class_list":{"0":"post-30875","1":"product","2":"type-product","3":"status-publish","4":"has-post-thumbnail","6":"product_cat-longsleeve","8":"first","9":"instock","10":"taxable","11":"shipping-taxable","12":"purchasable","13":"product-type-variable"},"_links":{"self":[{"href":"https:\/\/mindout.pl\/en\/wp-json\/wp\/v2\/product\/30875","targetHints":{"allow":["GET"]}}],"collection":[{"href":"https:\/\/mindout.pl\/en\/wp-json\/wp\/v2\/product"}],"about":[{"href":"https:\/\/mindout.pl\/en\/wp-json\/wp\/v2\/types\/product"}],"wp:featuredmedia":[{"embeddable":true,"href":"https:\/\/mindout.pl\/en\/wp-json\/wp\/v2\/media\/30831"}],"wp:attachment":[{"href":"https:\/\/mindout.pl\/en\/wp-json\/wp\/v2\/media?parent=30875"}],"wp:term":[{"taxonomy":"product_brand","embeddable":true,"href":"https:\/\/mindout.pl\/en\/wp-json\/wp\/v2\/product_brand?post=30875"},{"taxonomy":"product_cat","embeddable":true,"href":"https:\/\/mindout.pl\/en\/wp-json\/wp\/v2\/product_cat?post=30875"},{"taxonomy":"product_tag","embeddable":true,"href":"https:\/\/mindout.pl\/en\/wp-json\/wp\/v2\/product_tag?post=30875"}],"curies":[{"name":"wp","href":"https:\/\/api.w.org\/{rel}","templated":true}]}}