{"id":28291,"date":"2025-12-15T23:05:43","date_gmt":"2025-12-15T22:05:43","guid":{"rendered":"https:\/\/mindout.pl\/?post_type=product&#038;p=28291"},"modified":"2026-03-15T14:31:50","modified_gmt":"2026-03-15T13:31:50","slug":"virtual-giftcard","status":"publish","type":"product","link":"https:\/\/mindout.pl\/en\/sklep\/gift-card\/virtual-giftcard\/","title":{"rendered":"VIRTUAL GIFTCARD"},"content":{"rendered":"<p>WIRTUALNA KARTA PODARUNKOWA<\/p>\n<p>WA\u017bNO\u015a\u0106 KARTY: 12 MIESI\u0118CY OD DATY ZAKUPU<\/p>\n<p>KARTA DOSTARCZANA JEST DROG\u0104 MAILOW\u0104 W CI\u0104GU 24 GODZIN OD ZAKSI\u0118GOWANIA P\u0141ATNO\u015aCI<\/p>\n<p>KOD KARTY PODARUNKOWEJ WYSY\u0141ANY JEST NA ADRES E-MAIL PODANY PODCZAS SK\u0141ADANIA ZAM\u00d3WIENIA \u2013 PROSIMY O UWA\u017bNE WPISANIE DANYCH KONTAKTOWYCH<\/p>\n<p>KARTA MO\u017bE ZOSTA\u0106 WYKORZYSTANA PODCZAS SK\u0141ADANIA ZAM\u00d3WIENIA POPRZEZ WPISANIE KODU W POLU \u201eKOD\u201d W KOSZYKU ZAKUPOWYM<\/p>\n<p>NIEWYKORZYSTANE \u015aRODKI POZOSTAJ\u0104 NA KARCIE I MOG\u0104 ZOSTA\u0106 U\u017bYTE PRZY KOLEJNYCH ZAM\u00d3WIENIACH, W OKRESIE JEJ WA\u017bNO\u015aCI<\/p>","protected":false},"excerpt":{"rendered":"<p>WIRTUALNA KARTA PODARUNKOWA WA\u017bNO\u015a\u0106 KARTY: 12 MIESI\u0118CY OD DATY ZAKUPU KARTA DOSTARCZANA JEST DROG\u0104 MAILOW\u0104 W CI\u0104GU 24 GODZIN OD ZAKSI\u0118GOWANIA P\u0141ATNO\u015aCI KOD KARTY PODARUNKOWEJ WYSY\u0141ANY JEST NA ADRES E-MAIL PODANY PODCZAS SK\u0141ADANIA ZAM\u00d3WIENIA \u2013 PROSIMY O UWA\u017bNE WPISANIE DANYCH KONTAKTOWYCH KARTA MO\u017bE ZOSTA\u0106 WYKORZYSTANA PODCZAS SK\u0141ADANIA ZAM\u00d3WIENIA POPRZEZ WPISANIE [&hellip;]<\/p>\n","protected":false},"featured_media":30513,"template":"","meta":[],"product_brand":[],"product_cat":[69],"product_tag":[],"class_list":{"0":"post-28291","1":"product","2":"type-product","3":"status-publish","4":"has-post-thumbnail","6":"product_cat-gift-card","8":"first","9":"instock","10":"taxable","11":"shipping-taxable","12":"purchasable","13":"product-type-pw-gift-card"},"_links":{"self":[{"href":"https:\/\/mindout.pl\/en\/wp-json\/wp\/v2\/product\/28291","targetHints":{"allow":["GET"]}}],"collection":[{"href":"https:\/\/mindout.pl\/en\/wp-json\/wp\/v2\/product"}],"about":[{"href":"https:\/\/mindout.pl\/en\/wp-json\/wp\/v2\/types\/product"}],"wp:featuredmedia":[{"embeddable":true,"href":"https:\/\/mindout.pl\/en\/wp-json\/wp\/v2\/media\/30513"}],"wp:attachment":[{"href":"https:\/\/mindout.pl\/en\/wp-json\/wp\/v2\/media?parent=28291"}],"wp:term":[{"taxonomy":"product_brand","embeddable":true,"href":"https:\/\/mindout.pl\/en\/wp-json\/wp\/v2\/product_brand?post=28291"},{"taxonomy":"product_cat","embeddable":true,"href":"https:\/\/mindout.pl\/en\/wp-json\/wp\/v2\/product_cat?post=28291"},{"taxonomy":"product_tag","embeddable":true,"href":"https:\/\/mindout.pl\/en\/wp-json\/wp\/v2\/product_tag?post=28291"}],"curies":[{"name":"wp","href":"https:\/\/api.w.org\/{rel}","templated":true}]}}