{"id":25878,"date":"2025-11-21T17:00:52","date_gmt":"2025-11-21T16:00:52","guid":{"rendered":"https:\/\/mindout.pl\/?post_type=product&#038;p=25878"},"modified":"2026-04-27T21:46:25","modified_gmt":"2026-04-27T19:46:25","slug":"camo-logo-double-zip-hoodie-grey","status":"publish","type":"product","link":"https:\/\/mindout.pl\/en\/sklep\/hoodie\/camo-logo-double-zip-hoodie-grey\/","title":{"rendered":"CAMO LOGO DOUBLE ZIP HOODIE (GREY)"},"content":{"rendered":"<div class=\"message__5126c cozyMessage__5126c wrapper_c19a55 cozy_c19a55 zalgo_c19a55\" tabindex=\"-1\" role=\"article\" data-list-item-id=\"chat-messages___chat-messages-1247914922696900650-1355907030153560134\" aria-setsize=\"-1\" aria-roledescription=\"Wiadomo\u015b\u0107\" aria-labelledby=\"message-username-1355905892620701957 uid_1 message-content-1355907030153560134 uid_2 message-timestamp-1355907030153560134\">\n<div class=\"contents_c19a55\">\n<div id=\"message-content-1355907030153560134\" class=\"markup__75297 messageContent_c19a55\">SZARA BLUZA Z KAPTUREM.<\/div>\n<div class=\"markup__75297 messageContent_c19a55\">SUPER BOXY KR\u00d3J.<\/div>\n<div class=\"markup__75297 messageContent_c19a55\">RAGLANOWE WSZYCIE R\u0118KAWA.<\/div>\n<div class=\"markup__75297 messageContent_c19a55\">ZAMEK Z DWOMA SUWAKAMI, UMO\u017bLIWIAJ\u0104CY ROZPIECIE I ZAPIECIE BLUZY OD G\u00d3RY I OD DO\u0141U.<\/div>\n<div class=\"markup__75297 messageContent_c19a55\">FRONT AND BACK PRINT<\/div>\n<div class=\"markup__75297 messageContent_c19a55\">100% COTTON 420G\/M2<\/div>\n<div class=\"markup__75297 messageContent_c19a55\">OEKO-TEX CERTIFIED MATERIAL<\/div>\n<div class=\"markup__75297 messageContent_c19a55\">PRODUCED IN POLAND<\/div>\n<div><\/div>\n<\/div>\n<\/div>","protected":false},"excerpt":{"rendered":"<p>SZARA BLUZA Z KAPTUREM. SUPER BOXY KR\u00d3J. RAGLANOWE WSZYCIE R\u0118KAWA. ZAMEK Z DWOMA SUWAKAMI, UMO\u017bLIWIAJ\u0104CY ROZPIECIE I ZAPIECIE BLUZY OD G\u00d3RY I OD DO\u0141U. NADRUK NA PRZODZIE I PLECACH. 100% BAWE\u0141NA 420G\/M2. MATERIA\u0141 Z CERTYFIKATEM OEKO-TEX. WYPRODUKOWANE W POLSCE.<\/p>","protected":false},"featured_media":25890,"template":"","meta":[],"product_brand":[],"product_cat":[73,86],"product_tag":[],"class_list":{"0":"post-25878","1":"product","2":"type-product","3":"status-publish","4":"has-post-thumbnail","6":"product_cat-hoodie","7":"product_cat-sale","9":"first","10":"instock","11":"sale","12":"taxable","13":"shipping-taxable","14":"purchasable","15":"product-type-variable"},"_links":{"self":[{"href":"https:\/\/mindout.pl\/en\/wp-json\/wp\/v2\/product\/25878","targetHints":{"allow":["GET"]}}],"collection":[{"href":"https:\/\/mindout.pl\/en\/wp-json\/wp\/v2\/product"}],"about":[{"href":"https:\/\/mindout.pl\/en\/wp-json\/wp\/v2\/types\/product"}],"wp:featuredmedia":[{"embeddable":true,"href":"https:\/\/mindout.pl\/en\/wp-json\/wp\/v2\/media\/25890"}],"wp:attachment":[{"href":"https:\/\/mindout.pl\/en\/wp-json\/wp\/v2\/media?parent=25878"}],"wp:term":[{"taxonomy":"product_brand","embeddable":true,"href":"https:\/\/mindout.pl\/en\/wp-json\/wp\/v2\/product_brand?post=25878"},{"taxonomy":"product_cat","embeddable":true,"href":"https:\/\/mindout.pl\/en\/wp-json\/wp\/v2\/product_cat?post=25878"},{"taxonomy":"product_tag","embeddable":true,"href":"https:\/\/mindout.pl\/en\/wp-json\/wp\/v2\/product_tag?post=25878"}],"curies":[{"name":"wp","href":"https:\/\/api.w.org\/{rel}","templated":true}]}}