{"id":25713,"date":"2025-11-19T17:00:30","date_gmt":"2025-11-19T16:00:30","guid":{"rendered":"https:\/\/mindout.pl\/?post_type=product&#038;p=25713"},"modified":"2026-03-27T23:19:54","modified_gmt":"2026-03-27T22:19:54","slug":"raglan-denim-jacket-indygo","status":"publish","type":"product","link":"https:\/\/mindout.pl\/en\/sklep\/jacket\/raglan-denim-jacket-indygo\/","title":{"rendered":"RAGLAN DENIM JACKET (INDYGO)"},"content":{"rendered":"<p>RAGLAN DENIM JACKET W KOLORYSTYCE INDYGO.<br \/>\n14 oz 100% BAWE\u0141NA.<br \/>\nMETALOWY OZDOBNY GUZIK.<br \/>\nSREBRNE ZAMKI YKK. 5 KIESZENI (2 WEWN\u0118TRZNE, 2 ZEWN\u0118TRZNE ORAZ KIESZONKA NA PIERSI).<br \/>\nPRODUCED IN POLAND<\/p>","protected":false},"excerpt":{"rendered":"<p>RAGLAN DENIM JACKET W KOLORYSTYCE INDYGO. 14 oz 100% BAWE\u0141NA. METALOWY OZDOBNY GUZIK. SREBRNE ZAMKI YKK. 5 KIESZENI (2 WEWN\u0118TRZNE, 2 ZEWN\u0118TRZNE ORAZ KIESZONKA NA PIERSI). WYPRODUKOWANE W POLSCE.<\/p>","protected":false},"featured_media":25722,"template":"","meta":[],"product_brand":[],"product_cat":[68],"product_tag":[],"class_list":{"0":"post-25713","1":"product","2":"type-product","3":"status-publish","4":"has-post-thumbnail","6":"product_cat-jacket","8":"first","9":"outofstock","10":"taxable","11":"shipping-taxable","12":"purchasable","13":"product-type-variable"},"_links":{"self":[{"href":"https:\/\/mindout.pl\/en\/wp-json\/wp\/v2\/product\/25713","targetHints":{"allow":["GET"]}}],"collection":[{"href":"https:\/\/mindout.pl\/en\/wp-json\/wp\/v2\/product"}],"about":[{"href":"https:\/\/mindout.pl\/en\/wp-json\/wp\/v2\/types\/product"}],"wp:featuredmedia":[{"embeddable":true,"href":"https:\/\/mindout.pl\/en\/wp-json\/wp\/v2\/media\/25722"}],"wp:attachment":[{"href":"https:\/\/mindout.pl\/en\/wp-json\/wp\/v2\/media?parent=25713"}],"wp:term":[{"taxonomy":"product_brand","embeddable":true,"href":"https:\/\/mindout.pl\/en\/wp-json\/wp\/v2\/product_brand?post=25713"},{"taxonomy":"product_cat","embeddable":true,"href":"https:\/\/mindout.pl\/en\/wp-json\/wp\/v2\/product_cat?post=25713"},{"taxonomy":"product_tag","embeddable":true,"href":"https:\/\/mindout.pl\/en\/wp-json\/wp\/v2\/product_tag?post=25713"}],"curies":[{"name":"wp","href":"https:\/\/api.w.org\/{rel}","templated":true}]}}