{"id":25690,"date":"2025-11-19T17:00:07","date_gmt":"2025-11-19T16:00:07","guid":{"rendered":"https:\/\/mindout.pl\/?post_type=product&#038;p=25690"},"modified":"2026-04-07T14:51:18","modified_gmt":"2026-04-07T12:51:18","slug":"raglan-denim-jacket-washed-blue","status":"publish","type":"product","link":"https:\/\/mindout.pl\/en\/sklep\/jacket\/raglan-denim-jacket-washed-blue\/","title":{"rendered":"RAGLAN DENIM JACKET (WASHED BLUE)"},"content":{"rendered":"<p>RAGLAN DENIM JACKET W KOLORYSTYCE WASHED BLUE.<br \/>\n13 oz 100% BAWE\u0141NA, PODSZEWKA 100% BAWE\u0141NA.<br \/>\nMETALOWY OZDOBNY GUZIK.<br \/>\nSREBRNE ZAMKI YKK.<br \/>\n5 KIESZENI (2 WEWN\u0118TRZNE, 2 ZEWN\u0118TRZNE ORAZ KIESZONKA NA PIERSI).<br \/>\nPRODUCED IN POLAND<\/p>","protected":false},"excerpt":{"rendered":"<p>RAGLAN DENIM JACKET W KOLORYSTYCE WASHED BLUE. 13 oz 100% BAWE\u0141NA, PODSZEWKA 100% BAWE\u0141NA. METALOWY OZDOBNY GUZIK. SREBRNE ZAMKI YKK. 5 KIESZENI (2 WEWN\u0118TRZNE, 2 ZEWN\u0118TRZNE ORAZ KIESZONKA NA PIERSI). WYPRODUKOWANE W POLSCE.<\/p>","protected":false},"featured_media":25700,"template":"","meta":[],"product_brand":[],"product_cat":[68],"product_tag":[],"class_list":{"0":"post-25690","1":"product","2":"type-product","3":"status-publish","4":"has-post-thumbnail","6":"product_cat-jacket","8":"first","9":"instock","10":"taxable","11":"shipping-taxable","12":"purchasable","13":"product-type-variable"},"_links":{"self":[{"href":"https:\/\/mindout.pl\/en\/wp-json\/wp\/v2\/product\/25690","targetHints":{"allow":["GET"]}}],"collection":[{"href":"https:\/\/mindout.pl\/en\/wp-json\/wp\/v2\/product"}],"about":[{"href":"https:\/\/mindout.pl\/en\/wp-json\/wp\/v2\/types\/product"}],"wp:featuredmedia":[{"embeddable":true,"href":"https:\/\/mindout.pl\/en\/wp-json\/wp\/v2\/media\/25700"}],"wp:attachment":[{"href":"https:\/\/mindout.pl\/en\/wp-json\/wp\/v2\/media?parent=25690"}],"wp:term":[{"taxonomy":"product_brand","embeddable":true,"href":"https:\/\/mindout.pl\/en\/wp-json\/wp\/v2\/product_brand?post=25690"},{"taxonomy":"product_cat","embeddable":true,"href":"https:\/\/mindout.pl\/en\/wp-json\/wp\/v2\/product_cat?post=25690"},{"taxonomy":"product_tag","embeddable":true,"href":"https:\/\/mindout.pl\/en\/wp-json\/wp\/v2\/product_tag?post=25690"}],"curies":[{"name":"wp","href":"https:\/\/api.w.org\/{rel}","templated":true}]}}