{"id":21565,"date":"2025-07-11T13:54:48","date_gmt":"2025-07-11T11:54:48","guid":{"rendered":"https:\/\/mindout.pl\/?post_type=product&#038;p=21565"},"modified":"2026-05-04T17:29:09","modified_gmt":"2026-05-04T15:29:09","slug":"raglan-hoodie-black","status":"publish","type":"product","link":"https:\/\/mindout.pl\/en\/sklep\/hoodie\/raglan-hoodie-black\/","title":{"rendered":"RAGLAN HOODIE (BLACK)"},"content":{"rendered":"<div class=\"message__5126c cozyMessage__5126c wrapper_c19a55 cozy_c19a55 zalgo_c19a55\" tabindex=\"-1\" role=\"article\" data-list-item-id=\"chat-messages___chat-messages-1247914922696900650-1355907030153560134\" aria-setsize=\"-1\" aria-roledescription=\"Wiadomo\u015b\u0107\" aria-labelledby=\"message-username-1355905892620701957 uid_1 message-content-1355907030153560134 uid_2 message-timestamp-1355907030153560134\">\n<div class=\"contents_c19a55\">\n<div id=\"message-content-1355907030153560134\" class=\"markup__75297 messageContent_c19a55\">CZARNA BLUZA Z KAPTUREM.<br \/>\nSUPER BOXY KR\u00d3J.<br \/>\nRAGLANOWE WSZYCIE R\u0118KAWA.<br \/>\nTONALNE HAFTOWANE LOGO NA FRONCIE<br \/>\n100% COTTON 360G\/M2<br \/>\nOEKO-TEX CERTIFIED MATERIAL<br \/>\nPRODUCED IN POLAND<\/div>\n<div><\/div>\n<\/div>\n<\/div>","protected":false},"excerpt":{"rendered":"<p>CZARNA BLUZA Z KAPTUREM. SUPER BOXY KR\u00d3J. RAGLANOWE WSZYCIE R\u0118KAWA. TONALNE HAFTOWANE LOGO NA FRONCIE 100% BAWE\u0141NA 360G\/M2. MATERIA\u0141 Z CERTYFIKATEM OEKO-TEX. WYPRODUKOWANE W POLSCE.<\/p>","protected":false},"featured_media":22520,"template":"","meta":[],"product_brand":[],"product_cat":[73,86],"product_tag":[],"class_list":{"0":"post-21565","1":"product","2":"type-product","3":"status-publish","4":"has-post-thumbnail","6":"product_cat-hoodie","7":"product_cat-sale","9":"first","10":"instock","11":"sale","12":"taxable","13":"shipping-taxable","14":"purchasable","15":"product-type-variable"},"_links":{"self":[{"href":"https:\/\/mindout.pl\/en\/wp-json\/wp\/v2\/product\/21565","targetHints":{"allow":["GET"]}}],"collection":[{"href":"https:\/\/mindout.pl\/en\/wp-json\/wp\/v2\/product"}],"about":[{"href":"https:\/\/mindout.pl\/en\/wp-json\/wp\/v2\/types\/product"}],"wp:featuredmedia":[{"embeddable":true,"href":"https:\/\/mindout.pl\/en\/wp-json\/wp\/v2\/media\/22520"}],"wp:attachment":[{"href":"https:\/\/mindout.pl\/en\/wp-json\/wp\/v2\/media?parent=21565"}],"wp:term":[{"taxonomy":"product_brand","embeddable":true,"href":"https:\/\/mindout.pl\/en\/wp-json\/wp\/v2\/product_brand?post=21565"},{"taxonomy":"product_cat","embeddable":true,"href":"https:\/\/mindout.pl\/en\/wp-json\/wp\/v2\/product_cat?post=21565"},{"taxonomy":"product_tag","embeddable":true,"href":"https:\/\/mindout.pl\/en\/wp-json\/wp\/v2\/product_tag?post=21565"}],"curies":[{"name":"wp","href":"https:\/\/api.w.org\/{rel}","templated":true}]}}