{"id":17883,"date":"2025-03-16T14:33:59","date_gmt":"2025-03-16T13:33:59","guid":{"rendered":"https:\/\/mindout.pl\/?post_type=product&#038;p=17883"},"modified":"2026-05-04T14:44:19","modified_gmt":"2026-05-04T12:44:19","slug":"raglan-longsleeve-navy","status":"publish","type":"product","link":"https:\/\/mindout.pl\/en\/sklep\/sale\/raglan-longsleeve-navy\/","title":{"rendered":"RAGLAN LONGSLEEVE (NAVY)"},"content":{"rendered":"<p>GRANATOWY LONGSLEEVE.<br \/>\nRAGLANOWE WSZYCIE R\u0118KAWA.<br \/>\nBOXY FIT<br \/>\n100% BAWE\u0141NA 220G\/M2.<br \/>\nOEKO-TEX CERTIFIED MATERIAL<br \/>\nWYPRODUKOWANE W POLSCE<\/p>","protected":false},"excerpt":{"rendered":"<p>GRANATOWY LONGSLEEVE. RAGLANOWE WSZYCIE R\u0118KAWA. KR\u00d3J BOXY. 100% BAWE\u0141NA 220G\/M2. MATERIA\u0141 Z CERTYFIKATEM OEKO-TEX. WYPRODUKOWANE W POLSCE<\/p>","protected":false},"featured_media":30555,"template":"","meta":[],"product_brand":[],"product_cat":[93,86],"product_tag":[],"class_list":{"0":"post-17883","1":"product","2":"type-product","3":"status-publish","4":"has-post-thumbnail","6":"product_cat-longsleeve","7":"product_cat-sale","9":"first","10":"instock","11":"sale","12":"taxable","13":"shipping-taxable","14":"purchasable","15":"product-type-variable"},"_links":{"self":[{"href":"https:\/\/mindout.pl\/en\/wp-json\/wp\/v2\/product\/17883","targetHints":{"allow":["GET"]}}],"collection":[{"href":"https:\/\/mindout.pl\/en\/wp-json\/wp\/v2\/product"}],"about":[{"href":"https:\/\/mindout.pl\/en\/wp-json\/wp\/v2\/types\/product"}],"wp:featuredmedia":[{"embeddable":true,"href":"https:\/\/mindout.pl\/en\/wp-json\/wp\/v2\/media\/30555"}],"wp:attachment":[{"href":"https:\/\/mindout.pl\/en\/wp-json\/wp\/v2\/media?parent=17883"}],"wp:term":[{"taxonomy":"product_brand","embeddable":true,"href":"https:\/\/mindout.pl\/en\/wp-json\/wp\/v2\/product_brand?post=17883"},{"taxonomy":"product_cat","embeddable":true,"href":"https:\/\/mindout.pl\/en\/wp-json\/wp\/v2\/product_cat?post=17883"},{"taxonomy":"product_tag","embeddable":true,"href":"https:\/\/mindout.pl\/en\/wp-json\/wp\/v2\/product_tag?post=17883"}],"curies":[{"name":"wp","href":"https:\/\/api.w.org\/{rel}","templated":true}]}}