{"id":17744,"date":"2025-03-09T13:26:33","date_gmt":"2025-03-09T12:26:33","guid":{"rendered":"https:\/\/mindout.pl\/?post_type=product&#038;p=17744"},"modified":"2026-04-07T14:53:04","modified_gmt":"2026-04-07T12:53:04","slug":"university-raglan-t-shirt","status":"publish","type":"product","link":"https:\/\/mindout.pl\/en\/sklep\/sale\/university-raglan-t-shirt\/","title":{"rendered":"UNIVERSITY RAGLAN T-SHIRT (WHITE-NAVY)"},"content":{"rendered":"<p>BIA\u0141Y T-SHIRT Z GRANATOWYMI R\u0118KAWAMI.<br \/>\nRAGLANOWE WSZYCIE R\u0118KAWA.<br \/>\nSITODRUK W KOLORZE GRANATOWYM.<br \/>\nBOXY FIT<br \/>\n100% BAWE\u0141NA 220G\/M2.<br \/>\nOEKO-TEX CERTIFIED MATERIAL<br \/>\nPRODUCED IN POLAND<\/p>","protected":false},"excerpt":{"rendered":"<p>BIA\u0141Y T-SHIRT Z GRANATOWYMI R\u0118KAWAMI. RAGLANOWE WSZYCIE R\u0118KAWA. SITODRUK W KOLORZE GRANATOWYM. KR\u00d3J BOXY. 100% BAWE\u0141NA 220G\/M2. MATERIA\u0141 Z CERTYFIKATEM OEKO-TEX. WYPRODUKOWANE W POLSCE.<\/p>","protected":false},"featured_media":17762,"template":"","meta":[],"product_brand":[],"product_cat":[86],"product_tag":[],"class_list":{"0":"post-17744","1":"product","2":"type-product","3":"status-publish","4":"has-post-thumbnail","6":"product_cat-sale","8":"first","9":"instock","10":"sale","11":"taxable","12":"shipping-taxable","13":"purchasable","14":"product-type-variable"},"_links":{"self":[{"href":"https:\/\/mindout.pl\/en\/wp-json\/wp\/v2\/product\/17744","targetHints":{"allow":["GET"]}}],"collection":[{"href":"https:\/\/mindout.pl\/en\/wp-json\/wp\/v2\/product"}],"about":[{"href":"https:\/\/mindout.pl\/en\/wp-json\/wp\/v2\/types\/product"}],"wp:featuredmedia":[{"embeddable":true,"href":"https:\/\/mindout.pl\/en\/wp-json\/wp\/v2\/media\/17762"}],"wp:attachment":[{"href":"https:\/\/mindout.pl\/en\/wp-json\/wp\/v2\/media?parent=17744"}],"wp:term":[{"taxonomy":"product_brand","embeddable":true,"href":"https:\/\/mindout.pl\/en\/wp-json\/wp\/v2\/product_brand?post=17744"},{"taxonomy":"product_cat","embeddable":true,"href":"https:\/\/mindout.pl\/en\/wp-json\/wp\/v2\/product_cat?post=17744"},{"taxonomy":"product_tag","embeddable":true,"href":"https:\/\/mindout.pl\/en\/wp-json\/wp\/v2\/product_tag?post=17744"}],"curies":[{"name":"wp","href":"https:\/\/api.w.org\/{rel}","templated":true}]}}