{"id":17391,"date":"2025-02-23T16:00:46","date_gmt":"2025-02-23T15:00:46","guid":{"rendered":"https:\/\/mindout.pl\/?post_type=product&#038;p=17391"},"modified":"2026-04-30T12:40:01","modified_gmt":"2026-04-30T10:40:01","slug":"raglan-tshirt-white","status":"publish","type":"product","link":"https:\/\/mindout.pl\/en\/sklep\/t-shirt\/raglan-tshirt-white\/","title":{"rendered":"RAGLAN T-SHIRT (WHITE)"},"content":{"rendered":"<p>WHITE T-SHIRT<br \/>\nRAGLANOWE WSZYCIE R\u0118KAWA.<br \/>\nBOXY FIT<br \/>\n100% BAWE\u0141NA 220G\/M2.<br \/>\nOEKO-TEX CERTIFIED MATERIAL<br \/>\nWYPRODUKOWANE W POLSCE<\/p>","protected":false},"excerpt":{"rendered":"<p>BIA\u0141Y T-SHIRT. RAGLANOWE WSZYCIE R\u0118KAWA. KR\u00d3J BOXY. 100% BAWE\u0141NA 220G\/M2. MATERIA\u0141 Z CERTYFIKATEM OEKO-TEX. WYPRODUKOWANE W POLSCE<\/p>","protected":false},"featured_media":30558,"template":"","meta":[],"product_brand":[],"product_cat":[72],"product_tag":[],"class_list":{"0":"post-17391","1":"product","2":"type-product","3":"status-publish","4":"has-post-thumbnail","6":"product_cat-t-shirt","8":"first","9":"instock","10":"taxable","11":"shipping-taxable","12":"purchasable","13":"product-type-variable"},"_links":{"self":[{"href":"https:\/\/mindout.pl\/en\/wp-json\/wp\/v2\/product\/17391","targetHints":{"allow":["GET"]}}],"collection":[{"href":"https:\/\/mindout.pl\/en\/wp-json\/wp\/v2\/product"}],"about":[{"href":"https:\/\/mindout.pl\/en\/wp-json\/wp\/v2\/types\/product"}],"wp:featuredmedia":[{"embeddable":true,"href":"https:\/\/mindout.pl\/en\/wp-json\/wp\/v2\/media\/30558"}],"wp:attachment":[{"href":"https:\/\/mindout.pl\/en\/wp-json\/wp\/v2\/media?parent=17391"}],"wp:term":[{"taxonomy":"product_brand","embeddable":true,"href":"https:\/\/mindout.pl\/en\/wp-json\/wp\/v2\/product_brand?post=17391"},{"taxonomy":"product_cat","embeddable":true,"href":"https:\/\/mindout.pl\/en\/wp-json\/wp\/v2\/product_cat?post=17391"},{"taxonomy":"product_tag","embeddable":true,"href":"https:\/\/mindout.pl\/en\/wp-json\/wp\/v2\/product_tag?post=17391"}],"curies":[{"name":"wp","href":"https:\/\/api.w.org\/{rel}","templated":true}]}}