{"id":19093,"date":"2025-04-10T20:32:18","date_gmt":"2025-04-10T18:32:18","guid":{"rendered":"https:\/\/mindout.pl\/?page_id=19093"},"modified":"2026-04-12T16:00:14","modified_gmt":"2026-04-12T14:00:14","slug":"home-2","status":"publish","type":"page","link":"https:\/\/mindout.pl\/en\/","title":{"rendered":"Home"},"content":{"rendered":"<div class=\"wpb-content-wrapper\"><div  class=\"sec_row container-fluid\"><div class=\"vc_row wpb_row vc_row-fluid no-padding\"><div class=\"wpb_column vc_column_container vc_col-sm-12 vc_hidden-sm vc_hidden-xs et-dark-column\"><div class=\"vc_column-inner\"><div class=\"wpb_wrapper\">\n\t<div  class=\"wpb_single_image wpb_content_element vc_align_center wpb_content_element vc_custom_1775566043695  fullwidthbanervw\">\n\t\t\n\t\t<figure class=\"wpb_wrapper vc_figure\">\n\t\t\t<a href=\"https:\/\/mindout.pl\/en\/sklep\/\" target=\"_self\" class=\"vc_single_image-wrapper   vc_box_border_grey\"><img loading=\"lazy\" decoding=\"async\" width=\"2048\" height=\"1050\" src=\"https:\/\/mindout.pl\/wp-content\/uploads\/2026\/03\/MOB.png\" class=\"vc_single_image-img attachment-full\" alt=\"\" title=\"MOB\" srcset=\"https:\/\/mindout.pl\/wp-content\/uploads\/2026\/03\/MOB.png 2048w, https:\/\/mindout.pl\/wp-content\/uploads\/2026\/03\/MOB-1000x513.png 1000w, https:\/\/mindout.pl\/wp-content\/uploads\/2026\/03\/MOB-1500x769.png 1500w, https:\/\/mindout.pl\/wp-content\/uploads\/2026\/03\/MOB-768x394.png 768w, https:\/\/mindout.pl\/wp-content\/uploads\/2026\/03\/MOB-1536x788.png 1536w, https:\/\/mindout.pl\/wp-content\/uploads\/2026\/03\/MOB-18x9.png 18w, https:\/\/mindout.pl\/wp-content\/uploads\/2026\/03\/MOB-150x77.png 150w, https:\/\/mindout.pl\/wp-content\/uploads\/2026\/03\/MOB-1200x615.png 1200w\" sizes=\"auto, (max-width: 2048px) 100vw, 2048px\" \/><\/a>\n\t\t<\/figure>\n\t<\/div>\n<\/div><\/div><\/div><\/div><\/div><div  class=\"sec_row container-fluid\"><div class=\"vc_row wpb_row vc_row-fluid no-padding\"><div class=\"wpb_column vc_column_container vc_col-sm-12 vc_hidden-lg vc_hidden-md et-dark-column\"><div class=\"vc_column-inner\"><div class=\"wpb_wrapper\">\n\t<div  class=\"wpb_single_image wpb_content_element vc_align_center wpb_content_element vc_custom_1775566055579  fullwidthbanervw\">\n\t\t\n\t\t<figure class=\"wpb_wrapper vc_figure\">\n\t\t\t<a href=\"https:\/\/mindout.pl\/en\/sklep\/\" target=\"_self\" class=\"vc_single_image-wrapper   vc_box_border_grey\"><img loading=\"lazy\" decoding=\"async\" width=\"2048\" height=\"1050\" src=\"https:\/\/mindout.pl\/wp-content\/uploads\/2026\/03\/MOB.png\" class=\"vc_single_image-img attachment-full\" alt=\"\" title=\"MOB\" srcset=\"https:\/\/mindout.pl\/wp-content\/uploads\/2026\/03\/MOB.png 2048w, https:\/\/mindout.pl\/wp-content\/uploads\/2026\/03\/MOB-1000x513.png 1000w, https:\/\/mindout.pl\/wp-content\/uploads\/2026\/03\/MOB-1500x769.png 1500w, https:\/\/mindout.pl\/wp-content\/uploads\/2026\/03\/MOB-768x394.png 768w, https:\/\/mindout.pl\/wp-content\/uploads\/2026\/03\/MOB-1536x788.png 1536w, https:\/\/mindout.pl\/wp-content\/uploads\/2026\/03\/MOB-18x9.png 18w, https:\/\/mindout.pl\/wp-content\/uploads\/2026\/03\/MOB-150x77.png 150w, https:\/\/mindout.pl\/wp-content\/uploads\/2026\/03\/MOB-1200x615.png 1200w\" sizes=\"auto, (max-width: 2048px) 100vw, 2048px\" \/><\/a>\n\t\t<\/figure>\n\t<\/div>\n<\/div><\/div><\/div><\/div><\/div><div  class=\"sec_row container-fluid\"><div class=\"vc_row wpb_row vc_row-fluid productsmainsite\"><div class=\"wpb_column vc_column_container vc_col-sm-12 et-dark-column\"><div class=\"vc_column-inner\"><div class=\"wpb_wrapper\"> \n\n\t\t\t<ul class=\"et-product et-main-products products row et-product-style3 hover-animation-zoom products-by-id et-no-variations\">\n\n\t\t\t\t\t\t\t\t\n\t\t\t\t\t\t\t\t\t\t\t\t\t\t\t\t\t\n<li class=\"item et-listing-style3 col-6 col-sm-6 col-md-6 col-lg-6 small_grid_3 product type-product post-32428 status-publish first instock product_cat-hoodie has-post-thumbnail taxable shipping-taxable purchasable product-type-variable\">\n\t<div class=\"product-inner animation bottom-to-top\">\n\t\t<figure class=\"product_thumbnail et-image-hover\">  \n\t\t<a href=\"https:\/\/mindout.pl\/en\/sklep\/hoodie\/patch-hoodie-grey\/\" title=\"PATCH HOODIE (GREY)\"><img loading=\"lazy\" decoding=\"async\" width=\"800\" height=\"1000\" src=\"https:\/\/mindout.pl\/wp-content\/uploads\/2026\/04\/PATCH-HOODIE-GREY-FRONT-800x1000.png\" class=\"main-image skip-lazy\" alt=\"PATCH HOODIE (GREY)\" srcset=\"https:\/\/mindout.pl\/wp-content\/uploads\/2026\/04\/PATCH-HOODIE-GREY-FRONT-800x1000.png 800w, https:\/\/mindout.pl\/wp-content\/uploads\/2026\/04\/PATCH-HOODIE-GREY-FRONT-768x960.png 768w, https:\/\/mindout.pl\/wp-content\/uploads\/2026\/04\/PATCH-HOODIE-GREY-FRONT-10x12.png 10w, https:\/\/mindout.pl\/wp-content\/uploads\/2026\/04\/PATCH-HOODIE-GREY-FRONT-120x150.png 120w, https:\/\/mindout.pl\/wp-content\/uploads\/2026\/04\/PATCH-HOODIE-GREY-FRONT.png 1200w\" sizes=\"auto, (max-width: 800px) 100vw, 800px\" \/><img loading=\"lazy\" decoding=\"async\" width=\"800\" height=\"1000\" src=\"https:\/\/mindout.pl\/wp-content\/uploads\/2026\/04\/ADI-PATCH-HOODIE-FRONT-800x1000.jpg\" class=\"product_thumbnail_hover\" alt=\"\" srcset=\"https:\/\/mindout.pl\/wp-content\/uploads\/2026\/04\/ADI-PATCH-HOODIE-FRONT-800x1000.jpg 800w, https:\/\/mindout.pl\/wp-content\/uploads\/2026\/04\/ADI-PATCH-HOODIE-FRONT-1200x1500.jpg 1200w, https:\/\/mindout.pl\/wp-content\/uploads\/2026\/04\/ADI-PATCH-HOODIE-FRONT-768x960.jpg 768w, https:\/\/mindout.pl\/wp-content\/uploads\/2026\/04\/ADI-PATCH-HOODIE-FRONT-1229x1536.jpg 1229w, https:\/\/mindout.pl\/wp-content\/uploads\/2026\/04\/ADI-PATCH-HOODIE-FRONT-1638x2048.jpg 1638w, https:\/\/mindout.pl\/wp-content\/uploads\/2026\/04\/ADI-PATCH-HOODIE-FRONT-10x12.jpg 10w, https:\/\/mindout.pl\/wp-content\/uploads\/2026\/04\/ADI-PATCH-HOODIE-FRONT-120x150.jpg 120w, https:\/\/mindout.pl\/wp-content\/uploads\/2026\/04\/ADI-PATCH-HOODIE-FRONT-scaled.jpg 2048w\" sizes=\"auto, (max-width: 800px) 100vw, 800px\" \/><\/a>\n\t\t\t\t<div class=\"actions-wrapper\">\n\t\t\t\t\t\t\t\t<a href=\"https:\/\/mindout.pl\/en\/sklep\/hoodie\/patch-hoodie-grey\/\" aria-describedby=\"woocommerce_loop_add_to_cart_link_describedby_32428\" data-quantity=\"1\" class=\"button product_type_variable add_to_cart_button\" data-product_id=\"32428\" data-product_sku=\"\" aria-label=\"Select options for \u201cPATCH HOODIE (GREY)\u201d\" rel=\"nofollow\" data-no-translation-aria-label=\"\"><span class=\"text\" data-no-translation=\"\" data-trp-gettext=\"\">Select options<\/span><span class=\"icon et-icon et-shopping-bag\"><\/span><\/a>\t<span id=\"woocommerce_loop_add_to_cart_link_describedby_32428\" class=\"screen-reader-text\">\n\tThis product has multiple variants. The options may be chosen on the product page\t<\/span>\n\t\t\t\t\t\t\t<\/div>\n\t<\/figure>\n\t<div class=\"caption\">\n\t\t<div class=\"product-title\">\n\t\t\t<h2><a class=\"product-link\" href=\"https:\/\/mindout.pl\/en\/sklep\/hoodie\/patch-hoodie-grey\/\" title=\"PATCH HOODIE (GREY)\">PATCH HOODIE (GREY)<\/a><\/h2>\n\t\t\t\t\t<\/div>\n\t\t\n\t\t<div class=\"product_after_title\">\n\n\t\t\t<div class=\"product_after_shop_loop_price\">\n\t\t\t\t\n\t<span class=\"price\"><span class=\"woocommerce-Price-amount amount\"><bdi>349&nbsp;<span class=\"woocommerce-Price-currencySymbol\">PLN<\/span><\/bdi><\/span><\/span>\n\t\t\t<\/div>\n\n\t\t\t<div class=\"product-excerpt\">\n\t\t\t\t<p>SZARA BLUZA Z KAPTUREM. BOXY KR\u00d3J. RAGLANOWE WSZYCIE R\u0118KAWA. TONALNY PATCH WYKONANY METOD\u0104 HAFTU, HAFTU CHENILLOWEGO I D\u017bET\u00d3W. 100% BAWE\u0141NA 420G\/M2. MATERIA\u0141 Z CERTYFIKATEM OEKO-TEX. WYPRODUKOWANE W POLSCE.<\/p>\n\t\t\t<\/div>\n\n\t\t\t<div class=\"after_shop_loop_actions\">\n\n\t\t\t\t<a href=\"https:\/\/mindout.pl\/en\/sklep\/hoodie\/patch-hoodie-grey\/\" aria-describedby=\"woocommerce_loop_add_to_cart_link_describedby_32428\" data-quantity=\"1\" class=\"button product_type_variable add_to_cart_button\" data-product_id=\"32428\" data-product_sku=\"\" aria-label=\"Select options for \u201cPATCH HOODIE (GREY)\u201d\" rel=\"nofollow\" data-no-translation-aria-label=\"\"><span class=\"text\" data-no-translation=\"\" data-trp-gettext=\"\">Select options<\/span><span class=\"icon et-icon et-shopping-bag\"><\/span><\/a>\t<span id=\"woocommerce_loop_add_to_cart_link_describedby_32428\" class=\"screen-reader-text\">\n\tThis product has multiple variants. The options may be chosen on the product page\t<\/span>\n<span class=\"gtm4wp_productdata\" style=\"display:none; visibility:hidden;\" data-gtm4wp_product_data=\"{&quot;internal_id&quot;:32428,&quot;item_id&quot;:32428,&quot;item_name&quot;:&quot;PATCH HOODIE (GREY)&quot;,&quot;sku&quot;:32428,&quot;price&quot;:349,&quot;stocklevel&quot;:null,&quot;stockstatus&quot;:&quot;instock&quot;,&quot;google_business_vertical&quot;:&quot;retail&quot;,&quot;item_category&quot;:&quot;Hoodie&quot;,&quot;id&quot;:32428,&quot;productlink&quot;:&quot;https:\\\/\\\/mindout.pl\\\/en\\\/sklep\\\/hoodie\\\/patch-hoodie-grey\\\/&quot;,&quot;item_list_name&quot;:&quot;General Product List&quot;,&quot;index&quot;:1,&quot;product_type&quot;:&quot;variable&quot;,&quot;item_brand&quot;:&quot;&quot;}\"><\/span><div class=\"xoo-wl-btn-container xoo-wl-btc-variable xoo-wl-btc-popup\"><button type=\"button\" data-product_id=\"32428\" class=\"xoo-wl-action-btn xoo-wl-open-form-btn button btn xoo-wl-btn-popup\" >Powiadom o dost\u0119pno\u015bci<\/button><\/div>\t\t\t<\/div>\n\n\t\t<\/div>\n\n\t\t\n\t<\/div>\n\n\t<\/div>\n\n<\/li>\t\t\t\t\t\t\t\t\t\t\t\t\t\t\t\t\t\n<li class=\"item et-listing-style3 col-6 col-sm-6 col-md-6 col-lg-6 small_grid_3 product type-product post-32406 status-publish last instock product_cat-hoodie has-post-thumbnail taxable shipping-taxable purchasable product-type-variable\">\n\t<div class=\"product-inner animation bottom-to-top\">\n\t\t<figure class=\"product_thumbnail et-image-hover\">  \n\t\t<a href=\"https:\/\/mindout.pl\/en\/sklep\/hoodie\/patch-hoodie-black\/\" title=\"PATCH HOODIE (BLACK)\"><img loading=\"lazy\" decoding=\"async\" width=\"800\" height=\"1000\" src=\"https:\/\/mindout.pl\/wp-content\/uploads\/2026\/04\/PATCH-HOODIE-BLACK-FRONT-800x1000.png\" class=\"main-image skip-lazy\" alt=\"PATCH HOODIE (BLACK)\" srcset=\"https:\/\/mindout.pl\/wp-content\/uploads\/2026\/04\/PATCH-HOODIE-BLACK-FRONT-800x1000.png 800w, https:\/\/mindout.pl\/wp-content\/uploads\/2026\/04\/PATCH-HOODIE-BLACK-FRONT-768x960.png 768w, https:\/\/mindout.pl\/wp-content\/uploads\/2026\/04\/PATCH-HOODIE-BLACK-FRONT-10x12.png 10w, https:\/\/mindout.pl\/wp-content\/uploads\/2026\/04\/PATCH-HOODIE-BLACK-FRONT-120x150.png 120w, https:\/\/mindout.pl\/wp-content\/uploads\/2026\/04\/PATCH-HOODIE-BLACK-FRONT.png 1200w\" sizes=\"auto, (max-width: 800px) 100vw, 800px\" \/><img loading=\"lazy\" decoding=\"async\" width=\"800\" height=\"1000\" src=\"https:\/\/mindout.pl\/wp-content\/uploads\/2026\/04\/ADI-PATCH-HOODIE-BLACK-FRONT-800x1000.jpg\" class=\"product_thumbnail_hover\" alt=\"\" srcset=\"https:\/\/mindout.pl\/wp-content\/uploads\/2026\/04\/ADI-PATCH-HOODIE-BLACK-FRONT-800x1000.jpg 800w, https:\/\/mindout.pl\/wp-content\/uploads\/2026\/04\/ADI-PATCH-HOODIE-BLACK-FRONT-1200x1500.jpg 1200w, https:\/\/mindout.pl\/wp-content\/uploads\/2026\/04\/ADI-PATCH-HOODIE-BLACK-FRONT-768x960.jpg 768w, https:\/\/mindout.pl\/wp-content\/uploads\/2026\/04\/ADI-PATCH-HOODIE-BLACK-FRONT-1229x1536.jpg 1229w, https:\/\/mindout.pl\/wp-content\/uploads\/2026\/04\/ADI-PATCH-HOODIE-BLACK-FRONT-1639x2048.jpg 1639w, https:\/\/mindout.pl\/wp-content\/uploads\/2026\/04\/ADI-PATCH-HOODIE-BLACK-FRONT-10x12.jpg 10w, https:\/\/mindout.pl\/wp-content\/uploads\/2026\/04\/ADI-PATCH-HOODIE-BLACK-FRONT-120x150.jpg 120w, https:\/\/mindout.pl\/wp-content\/uploads\/2026\/04\/ADI-PATCH-HOODIE-BLACK-FRONT-scaled.jpg 2048w\" sizes=\"auto, (max-width: 800px) 100vw, 800px\" \/><\/a>\n\t\t\t\t<div class=\"actions-wrapper\">\n\t\t\t\t\t\t\t\t<a href=\"https:\/\/mindout.pl\/en\/sklep\/hoodie\/patch-hoodie-black\/\" aria-describedby=\"woocommerce_loop_add_to_cart_link_describedby_32406\" data-quantity=\"1\" class=\"button product_type_variable add_to_cart_button\" data-product_id=\"32406\" data-product_sku=\"\" aria-label=\"Select options for \u201cPATCH HOODIE (BLACK)\u201d\" rel=\"nofollow\" data-no-translation-aria-label=\"\"><span class=\"text\" data-no-translation=\"\" data-trp-gettext=\"\">Select options<\/span><span class=\"icon et-icon et-shopping-bag\"><\/span><\/a>\t<span id=\"woocommerce_loop_add_to_cart_link_describedby_32406\" class=\"screen-reader-text\">\n\tThis product has multiple variants. The options may be chosen on the product page\t<\/span>\n\t\t\t\t\t\t\t<\/div>\n\t<\/figure>\n\t<div class=\"caption\">\n\t\t<div class=\"product-title\">\n\t\t\t<h2><a class=\"product-link\" href=\"https:\/\/mindout.pl\/en\/sklep\/hoodie\/patch-hoodie-black\/\" title=\"PATCH HOODIE (BLACK)\">PATCH HOODIE (BLACK)<\/a><\/h2>\n\t\t\t\t\t<\/div>\n\t\t\n\t\t<div class=\"product_after_title\">\n\n\t\t\t<div class=\"product_after_shop_loop_price\">\n\t\t\t\t\n\t<span class=\"price\"><span class=\"woocommerce-Price-amount amount\"><bdi>349&nbsp;<span class=\"woocommerce-Price-currencySymbol\">PLN<\/span><\/bdi><\/span><\/span>\n\t\t\t<\/div>\n\n\t\t\t<div class=\"product-excerpt\">\n\t\t\t\t<p>CZARNA BLUZA Z KAPTUREM. BOXY KR\u00d3J. RAGLANOWE WSZYCIE R\u0118KAWA. TONALNY PATCH WYKONANY METOD\u0104 HAFTU, HAFTU CHENILLOWEGO I D\u017bET\u00d3W. 100% BAWE\u0141NA 360G\/M2. MATERIA\u0141 Z CERTYFIKATEM OEKO-TEX. WYPRODUKOWANE W POLSCE.<\/p>\n\t\t\t<\/div>\n\n\t\t\t<div class=\"after_shop_loop_actions\">\n\n\t\t\t\t<a href=\"https:\/\/mindout.pl\/en\/sklep\/hoodie\/patch-hoodie-black\/\" aria-describedby=\"woocommerce_loop_add_to_cart_link_describedby_32406\" data-quantity=\"1\" class=\"button product_type_variable add_to_cart_button\" data-product_id=\"32406\" data-product_sku=\"\" aria-label=\"Select options for \u201cPATCH HOODIE (BLACK)\u201d\" rel=\"nofollow\" data-no-translation-aria-label=\"\"><span class=\"text\" data-no-translation=\"\" data-trp-gettext=\"\">Select options<\/span><span class=\"icon et-icon et-shopping-bag\"><\/span><\/a>\t<span id=\"woocommerce_loop_add_to_cart_link_describedby_32406\" class=\"screen-reader-text\">\n\tThis product has multiple variants. The options may be chosen on the product page\t<\/span>\n<span class=\"gtm4wp_productdata\" style=\"display:none; visibility:hidden;\" data-gtm4wp_product_data=\"{&quot;internal_id&quot;:32406,&quot;item_id&quot;:32406,&quot;item_name&quot;:&quot;PATCH HOODIE (BLACK)&quot;,&quot;sku&quot;:32406,&quot;price&quot;:349,&quot;stocklevel&quot;:null,&quot;stockstatus&quot;:&quot;instock&quot;,&quot;google_business_vertical&quot;:&quot;retail&quot;,&quot;item_category&quot;:&quot;Hoodie&quot;,&quot;id&quot;:32406,&quot;productlink&quot;:&quot;https:\\\/\\\/mindout.pl\\\/en\\\/sklep\\\/hoodie\\\/patch-hoodie-black\\\/&quot;,&quot;item_list_name&quot;:&quot;General Product List&quot;,&quot;index&quot;:2,&quot;product_type&quot;:&quot;variable&quot;,&quot;item_brand&quot;:&quot;&quot;}\"><\/span><div class=\"xoo-wl-btn-container xoo-wl-btc-variable xoo-wl-btc-popup\"><button type=\"button\" data-product_id=\"32406\" class=\"xoo-wl-action-btn xoo-wl-open-form-btn button btn xoo-wl-btn-popup\" >Powiadom o dost\u0119pno\u015bci<\/button><\/div>\t\t\t<\/div>\n\n\t\t<\/div>\n\n\t\t\n\t<\/div>\n\n\t<\/div>\n\n<\/li>\t\t\t\t\t\t\t\t\t\t\t\t\t\t\t\n\t\t\t\t<\/ul>\n\t\t\t\t\t \n\t<\/div><\/div><\/div><\/div><\/div>\n<\/div>","protected":false},"excerpt":{"rendered":"CZARNA BLUZA Z KAPTUREM. BOXY KR\u00d3J. RAGLANOWE WSZYCIE R\u0118KAWA. TONALNY PATCH WYKONANY METOD\u0104 HAFTU, HAFTU CHENILLOWEGO I D\u017bET\u00d3W. 100% BAWE\u0141NA 360G\/M2. MATERIA\u0141 Z CERTYFIKATEM OEKO-TEX. WYPRODUKOWANE W POLSCE.","protected":false},"author":2,"featured_media":0,"parent":0,"menu_order":0,"comment_status":"closed","ping_status":"closed","template":"","meta":{"footnotes":""},"class_list":["post-19093","page","type-page","status-publish","hentry"],"_links":{"self":[{"href":"https:\/\/mindout.pl\/en\/wp-json\/wp\/v2\/pages\/19093","targetHints":{"allow":["GET"]}}],"collection":[{"href":"https:\/\/mindout.pl\/en\/wp-json\/wp\/v2\/pages"}],"about":[{"href":"https:\/\/mindout.pl\/en\/wp-json\/wp\/v2\/types\/page"}],"author":[{"embeddable":true,"href":"https:\/\/mindout.pl\/en\/wp-json\/wp\/v2\/users\/2"}],"replies":[{"embeddable":true,"href":"https:\/\/mindout.pl\/en\/wp-json\/wp\/v2\/comments?post=19093"}],"version-history":[{"count":7,"href":"https:\/\/mindout.pl\/en\/wp-json\/wp\/v2\/pages\/19093\/revisions"}],"predecessor-version":[{"id":32452,"href":"https:\/\/mindout.pl\/en\/wp-json\/wp\/v2\/pages\/19093\/revisions\/32452"}],"wp:attachment":[{"href":"https:\/\/mindout.pl\/en\/wp-json\/wp\/v2\/media?parent=19093"}],"curies":[{"name":"wp","href":"https:\/\/api.w.org\/{rel}","templated":true}]}}